{"id":31,"date":"2025-12-17T12:36:59","date_gmt":"2025-12-17T12:36:59","guid":{"rendered":"https:\/\/ease-amsterdam.nl\/?page_id=31"},"modified":"2026-03-31T12:01:08","modified_gmt":"2026-03-31T12:01:08","slug":"financiering","status":"publish","type":"page","link":"https:\/\/ease-amsterdam.nl\/en\/financiering\/","title":{"rendered":"Financing"},"content":{"rendered":"<h2>Need financing?<\/h2>\n<p><span data-contrast=\"none\">Planning to buy a home in EASE? Make sure you\u2019re well prepared.<\/span><span data-ccp-props=\"{&quot;201341983&quot;:0,&quot;335559740&quot;:276}\">\u00a0<\/span><\/p>\n<p><span data-contrast=\"none\">Important to know: candidates with a financial check are given priority in the allocation process. This immediately increases your chance of securing your preferred home! Apply now for a financial statement through your bank or mortgage advisor, including an assessment of your income, any equity in your current home, and your borrowing capacity.\u00a0\u00a0<\/span><span data-ccp-props=\"{&quot;201341983&quot;:0,&quot;335559740&quot;:276}\">\u00a0<\/span><\/p>\n<p><span data-contrast=\"none\">You can easily arrange this through your own bank or financial advisor, or via our partner Rabobank, completely free of charge. Easy as that. Book your appointment\u00a0<a href=\"https:\/\/www.rabobank.nl\/particulieren\/hypotheek\/nieuwbouw\/afspraak-financiele-check\">here<\/a>\u00a0free of charge.\u00a0<\/span><span data-ccp-props=\"{}\">\u00a0<\/span><\/p>\n<p><strong>What is a financial check?<\/strong><\/p>\n<p>A financial check is a brief assessment by a financial advisor or mortgage advisor to determine the maximum mortgage you can responsibly obtain for a home purchase.<\/p>\n<p><strong>Why is a financial check important?<\/strong><\/p>\n<ul>\n<li>You will know exactly how much financing you can obtain<\/li>\n<li>Find the home that perfectly matches your lifestyle<\/li>\n<li>The consultation is free and non-binding<\/li>\n<li>Priority will be given to you during the home allocation<\/li>\n<\/ul>\n<p><strong>Priority allocation with a financial check!\u00a0<\/strong><\/p>\n<p>With a valid financial check, you will be given priority for housing within EASE.<\/p>\n<p><strong>Start your financial check today<\/strong><\/p>\n<p><b><\/b>You can easily get a financial check performed by your own financial or mortgage advisor. Alternatively, you can schedule a direct, no-obligation consultation with Rabobank via the link below. This is the quickest step toward your new dream home in EASE.<\/p>\n<p><a href=\"https:\/\/www.rabobank.nl\/particulieren\/hypotheek\/nieuwbouw\/afspraak-financiele-check\" target=\"_blank\" rel=\"noopener\"><span style=\"font-weight: 400;\">Request your financial check via Rabobank<\/span><\/a><\/p>\n<p><strong>Discount on your mortgage interest<\/strong><br \/>\nBuying an energy-efficient new-build home in EASE not only reduces your energy costs but also contributes to a better environment. That\u2019s why Rabobank and many other banks offer attractive discounts on your mortgage interest rate. If you also have an active current account with Rabobank, you may receive an additional discount, helping you benefit from lower monthly mortgage costs.<\/p>","protected":false},"excerpt":{"rendered":"<p>Financiering nodig? Wil je straks graag een woning kopen in EASE? Zorg dan dat je je goed voorbereid.\u00a0 Belangrijk om te weten: kandidaten met een financi\u00eble check krijgen namelijk voorrang bij de toewijzing van woningen. Dit vergoot dus direct\u00a0jouw\u00a0kans op jouw favoriete woning! Vraag daarom nu alvast een financi\u00eble verklaring aan via je bank of [&hellip;]<\/p>\n","protected":false},"author":1,"featured_media":0,"parent":0,"menu_order":0,"comment_status":"closed","ping_status":"closed","template":"","meta":{"_acf_changed":false,"footnotes":""},"class_list":["post-31","page","type-page","status-publish","hentry"],"acf":[],"yoast_head":"<!-- This site is optimized with the Yoast SEO plugin v26.9 - https:\/\/yoast.com\/product\/yoast-seo-wordpress\/ -->\n<title>Financiering - EASE<\/title>\n<meta name=\"description\" content=\"Ben je ge\u00efnteresseerd in een woning in EASE en wil je weten of deze binnen jouw budget past? Laat dan een financi\u00eble check uitvoeren. Zo krijg je direct inzicht in wat je kunt lenen \u00e9n vergroot je je kans op jouw droomwoning. Kandidaten met een financi\u00eble check krijgen namelijk voorrang bij de toewijzing.\" \/>\n<meta name=\"robots\" content=\"index, follow, max-snippet:-1, max-image-preview:large, max-video-preview:-1\" \/>\n<link rel=\"canonical\" href=\"https:\/\/ease-amsterdam.nl\/en\/financiering\/\" \/>\n<meta property=\"og:locale\" content=\"en_US\" \/>\n<meta property=\"og:type\" content=\"article\" \/>\n<meta property=\"og:title\" content=\"Financiering - EASE\" \/>\n<meta property=\"og:description\" content=\"Ben je ge\u00efnteresseerd in een woning in EASE en wil je weten of deze binnen jouw budget past? Laat dan een financi\u00eble check uitvoeren. Zo krijg je direct inzicht in wat je kunt lenen \u00e9n vergroot je je kans op jouw droomwoning. Kandidaten met een financi\u00eble check krijgen namelijk voorrang bij de toewijzing.\" \/>\n<meta property=\"og:url\" content=\"https:\/\/ease-amsterdam.nl\/en\/financiering\/\" \/>\n<meta property=\"og:site_name\" content=\"EASE\" \/>\n<meta property=\"article:modified_time\" content=\"2026-03-31T12:01:08+00:00\" \/>\n<meta name=\"twitter:card\" content=\"summary_large_image\" \/>\n<meta name=\"twitter:label1\" content=\"Est. reading time\" \/>\n\t<meta name=\"twitter:data1\" content=\"2 minutes\" \/>\n<script type=\"application\/ld+json\" class=\"yoast-schema-graph\">{\"@context\":\"https:\/\/schema.org\",\"@graph\":[{\"@type\":\"WebPage\",\"@id\":\"https:\/\/ease-amsterdam.nl\/financiering\/\",\"url\":\"https:\/\/ease-amsterdam.nl\/financiering\/\",\"name\":\"Financiering - EASE\",\"isPartOf\":{\"@id\":\"https:\/\/ease-amsterdam.nl\/#website\"},\"datePublished\":\"2025-12-17T12:36:59+00:00\",\"dateModified\":\"2026-03-31T12:01:08+00:00\",\"description\":\"Ben je ge\u00efnteresseerd in een woning in EASE en wil je weten of deze binnen jouw budget past? Laat dan een financi\u00eble check uitvoeren. Zo krijg je direct inzicht in wat je kunt lenen \u00e9n vergroot je je kans op jouw droomwoning. Kandidaten met een financi\u00eble check krijgen namelijk voorrang bij de toewijzing.\",\"breadcrumb\":{\"@id\":\"https:\/\/ease-amsterdam.nl\/financiering\/#breadcrumb\"},\"inLanguage\":\"en-US\",\"potentialAction\":[{\"@type\":\"ReadAction\",\"target\":[\"https:\/\/ease-amsterdam.nl\/financiering\/\"]}]},{\"@type\":\"BreadcrumbList\",\"@id\":\"https:\/\/ease-amsterdam.nl\/financiering\/#breadcrumb\",\"itemListElement\":[{\"@type\":\"ListItem\",\"position\":1,\"name\":\"Home\",\"item\":\"https:\/\/ease-amsterdam.nl\/\"},{\"@type\":\"ListItem\",\"position\":2,\"name\":\"Financiering\"}]},{\"@type\":\"WebSite\",\"@id\":\"https:\/\/ease-amsterdam.nl\/#website\",\"url\":\"https:\/\/ease-amsterdam.nl\/\",\"name\":\"EASE\",\"description\":\"\",\"potentialAction\":[{\"@type\":\"SearchAction\",\"target\":{\"@type\":\"EntryPoint\",\"urlTemplate\":\"https:\/\/ease-amsterdam.nl\/?s={search_term_string}\"},\"query-input\":{\"@type\":\"PropertyValueSpecification\",\"valueRequired\":true,\"valueName\":\"search_term_string\"}}],\"inLanguage\":\"en-US\"}]}<\/script>\n<!-- \/ Yoast SEO plugin. -->","yoast_head_json":{"title":"Financing - EASE","description":"Are you interested in a home in EASE and want to know if it fits your budget? Then have a financial check carried out. This will give you immediate insight into what you can borrow and increase your chances of finding your dream home. Candidates with a financial check get priority in the allocation process.","robots":{"index":"index","follow":"follow","max-snippet":"max-snippet:-1","max-image-preview":"max-image-preview:large","max-video-preview":"max-video-preview:-1"},"canonical":"https:\/\/ease-amsterdam.nl\/en\/financiering\/","og_locale":"en_US","og_type":"article","og_title":"Financiering - EASE","og_description":"Ben je ge\u00efnteresseerd in een woning in EASE en wil je weten of deze binnen jouw budget past? Laat dan een financi\u00eble check uitvoeren. Zo krijg je direct inzicht in wat je kunt lenen \u00e9n vergroot je je kans op jouw droomwoning. Kandidaten met een financi\u00eble check krijgen namelijk voorrang bij de toewijzing.","og_url":"https:\/\/ease-amsterdam.nl\/en\/financiering\/","og_site_name":"EASE","article_modified_time":"2026-03-31T12:01:08+00:00","twitter_card":"summary_large_image","twitter_misc":{"Est. reading time":"2 minutes"},"schema":{"@context":"https:\/\/schema.org","@graph":[{"@type":"WebPage","@id":"https:\/\/ease-amsterdam.nl\/financiering\/","url":"https:\/\/ease-amsterdam.nl\/financiering\/","name":"Financing - EASE","isPartOf":{"@id":"https:\/\/ease-amsterdam.nl\/#website"},"datePublished":"2025-12-17T12:36:59+00:00","dateModified":"2026-03-31T12:01:08+00:00","description":"Are you interested in a home in EASE and want to know if it fits your budget? Then have a financial check carried out. This will give you immediate insight into what you can borrow and increase your chances of finding your dream home. Candidates with a financial check get priority in the allocation process.","breadcrumb":{"@id":"https:\/\/ease-amsterdam.nl\/financiering\/#breadcrumb"},"inLanguage":"en-US","potentialAction":[{"@type":"ReadAction","target":["https:\/\/ease-amsterdam.nl\/financiering\/"]}]},{"@type":"BreadcrumbList","@id":"https:\/\/ease-amsterdam.nl\/financiering\/#breadcrumb","itemListElement":[{"@type":"ListItem","position":1,"name":"Home","item":"https:\/\/ease-amsterdam.nl\/"},{"@type":"ListItem","position":2,"name":"Financiering"}]},{"@type":"WebSite","@id":"https:\/\/ease-amsterdam.nl\/#website","url":"https:\/\/ease-amsterdam.nl\/","name":"in EASE","description":"","potentialAction":[{"@type":"SearchAction","target":{"@type":"EntryPoint","urlTemplate":"https:\/\/ease-amsterdam.nl\/?s={search_term_string}"},"query-input":{"@type":"PropertyValueSpecification","valueRequired":true,"valueName":"search_term_string"}}],"inLanguage":"en-US"}]}},"_links":{"self":[{"href":"https:\/\/ease-amsterdam.nl\/en\/wp-json\/wp\/v2\/pages\/31","targetHints":{"allow":["GET"]}}],"collection":[{"href":"https:\/\/ease-amsterdam.nl\/en\/wp-json\/wp\/v2\/pages"}],"about":[{"href":"https:\/\/ease-amsterdam.nl\/en\/wp-json\/wp\/v2\/types\/page"}],"author":[{"embeddable":true,"href":"https:\/\/ease-amsterdam.nl\/en\/wp-json\/wp\/v2\/users\/1"}],"replies":[{"embeddable":true,"href":"https:\/\/ease-amsterdam.nl\/en\/wp-json\/wp\/v2\/comments?post=31"}],"version-history":[{"count":16,"href":"https:\/\/ease-amsterdam.nl\/en\/wp-json\/wp\/v2\/pages\/31\/revisions"}],"predecessor-version":[{"id":785,"href":"https:\/\/ease-amsterdam.nl\/en\/wp-json\/wp\/v2\/pages\/31\/revisions\/785"}],"wp:attachment":[{"href":"https:\/\/ease-amsterdam.nl\/en\/wp-json\/wp\/v2\/media?parent=31"}],"curies":[{"name":"wp","href":"https:\/\/api.w.org\/{rel}","templated":true}]}}